{"id":3,"date":"2022-05-30T09:22:28","date_gmt":"2022-05-30T09:22:28","guid":{"rendered":"http:\/\/agroshot.pl\/?page_id=3"},"modified":"2022-06-28T12:48:04","modified_gmt":"2022-06-28T10:48:04","slug":"polityka-prywatnosci","status":"publish","type":"page","link":"https:\/\/agroshot.pl\/en\/polityka-prywatnosci","title":{"rendered":"Privacy policy"},"content":{"rendered":"<div data-elementor-type=\"wp-page\" data-elementor-id=\"3\" class=\"elementor elementor-3\">\n\t\t\t\t\t\t<section class=\"elementor-section elementor-top-section elementor-element elementor-element-76321046 elementor-section-boxed elementor-section-height-default elementor-section-height-default\" data-id=\"76321046\" data-element_type=\"section\">\n\t\t\t\t\t\t<div class=\"elementor-container elementor-column-gap-default\">\n\t\t\t\t\t<div class=\"elementor-column elementor-col-100 elementor-top-column elementor-element elementor-element-a2f6dea\" data-id=\"a2f6dea\" data-element_type=\"column\">\n\t\t\t<div class=\"elementor-widget-wrap elementor-element-populated\">\n\t\t\t\t\t\t<div class=\"elementor-element elementor-element-52324e1c elementor-widget elementor-widget-text-editor\" data-id=\"52324e1c\" data-element_type=\"widget\" data-widget_type=\"text-editor.default\">\n\t\t\t\t<div class=\"elementor-widget-container\">\n\t\t\t<style>\/*! elementor - v3.23.0 - 05-08-2024 *\/\n.elementor-widget-text-editor.elementor-drop-cap-view-stacked .elementor-drop-cap{background-color:#69727d;color:#fff}.elementor-widget-text-editor.elementor-drop-cap-view-framed .elementor-drop-cap{color:#69727d;border:3px solid;background-color:transparent}.elementor-widget-text-editor:not(.elementor-drop-cap-view-default) .elementor-drop-cap{margin-top:8px}.elementor-widget-text-editor:not(.elementor-drop-cap-view-default) .elementor-drop-cap-letter{width:1em;height:1em}.elementor-widget-text-editor .elementor-drop-cap{float:left;text-align:center;line-height:1;font-size:50px}.elementor-widget-text-editor .elementor-drop-cap-letter{display:inline-block}<\/style>\t\t\t\t<div class=\"p-pdf_iframe__page\" aria-label=\"Page 1\" data-page-number=\"1\">\n<div class=\"textLayer\"><span dir=\"ltr\" role=\"presentation\">As we respect and abide by your privacy, below\u00a0<\/span><span dir=\"ltr\" role=\"presentation\">we present information relevant to you in the context of how to\u00a0<\/span><span dir=\"ltr\" role=\"presentation\">collection, processing and use of personal data obtained<\/span><br role=\"presentation\" \/><span dir=\"ltr\" role=\"presentation\">as a result of using our Service <\/span><span dir=\"ltr\" role=\"presentation\"><b>www.agroshot.pl<\/b><\/span><br role=\"presentation\" \/><span dir=\"ltr\" role=\"presentation\"><br \/><\/span><\/div>\n<div class=\"textLayer\"><span dir=\"ltr\" role=\"presentation\">The document you are reading reflects the requirements of the\u00a0<\/span><span dir=\"ltr\" role=\"presentation\">resulting\u00a0<\/span><span dir=\"ltr\" role=\"presentation\">from the Regulation of the European Parliament and of the Council (EU) 2016\/679 of April 27\u00a0<\/span><span dir=\"ltr\" role=\"presentation\">2016 on the protection of natural persons in connection with the processing of\u00a0<\/span><span dir=\"ltr\" role=\"presentation\">personal data and on the free movement of such data and\u00a0<\/span><span dir=\"ltr\" role=\"presentation\">Repeal of Directive 95\/46\/EC (General Data Protection Regulation) (hereinafter:\u00a0<\/span><span dir=\"ltr\" role=\"presentation\">\u201eRODO\u201d).<\/span><\/div>\n<div class=\"textLayer\"><span dir=\"ltr\" role=\"presentation\">\u00a0<\/span><\/div>\n<h3 class=\"textLayer\"><span dir=\"ltr\" role=\"presentation\">I.<\/span> <span dir=\"ltr\" role=\"presentation\">Personal data administrator<\/span><\/h3>\n<div class=\"textLayer\"><span dir=\"ltr\" role=\"presentation\">The administrator of your data <\/span><span dir=\"ltr\" role=\"presentation\">is <\/span><span dir=\"ltr\" role=\"presentation\"><b>Agroshot.pl<\/b>.<b>\u00a0<\/b><\/span><span style=\"background-color: var(--ast-global-color-5); color: var( --e-global-color-text );\">Contact with the Data Controller is possible at the e-mail address:\u00a0<\/span><b style=\"background-color: var(--ast-global-color-5); color: var( --e-global-color-text );\">agroshot2000@gmail.com<\/b><\/div>\n<div class=\"textLayer\"><span dir=\"ltr\" role=\"presentation\">\u00a0<\/span><\/div>\n<h3 class=\"textLayer\"><span dir=\"ltr\" role=\"presentation\">II.<\/span> <span dir=\"ltr\" role=\"presentation\">Collection of personal data and information<\/span><\/h3>\n<div class=\"textLayer\"><span dir=\"ltr\" role=\"presentation\">When browsing the content of our Service, providing your\u00a0<\/span><span dir=\"ltr\" role=\"presentation\">personal data is not required.<\/span><\/div>\n<div class=\"textLayer\"><br role=\"presentation\" \/><span dir=\"ltr\" role=\"presentation\">However, when you use the Website, we automatically collect such\u00a0<\/span><span dir=\"ltr\" role=\"presentation\">information such as the IP address assigned to your computer or an external address\u00a0<\/span><span dir=\"ltr\" role=\"presentation\">ISP IP, domain name, browser type, access time, type<\/span><br role=\"presentation\" \/><span dir=\"ltr\" role=\"presentation\">operating system.<\/span><\/div>\n<div class=\"textLayer\"><span dir=\"ltr\" role=\"presentation\">\u00a0<\/span><\/div>\n<div class=\"textLayer\"><span dir=\"ltr\" role=\"presentation\">We use technology tools provided by third parties\u00a0<\/span><span dir=\"ltr\" role=\"presentation\">for hosting purposes, <\/span><span dir=\"ltr\" role=\"presentation\">website service, e-mail and others\u00a0<\/span><span dir=\"ltr\" role=\"presentation\">electronic means of communication. <\/span><br role=\"presentation\" \/><span dir=\"ltr\" role=\"presentation\"><br \/><\/span><\/div>\n<div class=\"textLayer\"><span dir=\"ltr\" role=\"presentation\">Data may also be transferred to data processors\u00a0<\/span><span dir=\"ltr\" role=\"presentation\">personal on our behalf to, for example, IT service providers.<\/span><\/div>\n<div class=\"textLayer\"><span dir=\"ltr\" role=\"presentation\">\u00a0<\/span><\/div>\n<div class=\"textLayer\"><span dir=\"ltr\" role=\"presentation\">In addition, we would like to inform you that based on the current legislation\u00a0<\/span><span dir=\"ltr\" role=\"presentation\">we may be required by authorized state authorities to\u00a0<\/span><span dir=\"ltr\" role=\"presentation\">disclosure of data, including the Service User's IP address.<\/span><\/div>\n<div class=\"textLayer\"><span dir=\"ltr\" role=\"presentation\">\u00a0<\/span><\/div>\n<div class=\"textLayer\"><span dir=\"ltr\" role=\"presentation\">Your personal data will not be subjected to automated processing\u00a0<\/span><span dir=\"ltr\" role=\"presentation\">decision-making, including profiling.<\/span><\/div>\n<div class=\"annotationLayer\">\u00a0<\/div>\n<\/div>\n<div class=\"p-pdf_iframe__page\" aria-label=\"Page 2\" data-page-number=\"2\">\n<h3 class=\"textLayer\"><span dir=\"ltr\" role=\"presentation\">III.<\/span> <span dir=\"ltr\" role=\"presentation\">Entitlements<\/span><\/h3>\n<div class=\"textLayer\"><span dir=\"ltr\" role=\"presentation\">At any time you have the right to obtain information on how to\u00a0<\/span><span dir=\"ltr\" role=\"presentation\">Our use of your information and to gain access to your\u00a0<\/span><span dir=\"ltr\" role=\"presentation\">information, the right to rectification, the right to erasure, or the right to restrict<\/span><br role=\"presentation\" \/><span dir=\"ltr\" role=\"presentation\">processing of your data. You may also file a complaint with\u00a0<\/span><span dir=\"ltr\" role=\"presentation\">in connection with our processing of personal data to the supervisory authority,\u00a0<\/span><span dir=\"ltr\" role=\"presentation\">which is <\/span><span dir=\"ltr\" role=\"presentation\"><b>President of the Office for Personal Data Protection, 2 Stawki Street., 00-\u00a0<\/b><\/span><span dir=\"ltr\" role=\"presentation\"><b>193 Warsaw.<\/b>.<\/span><\/div>\n<div class=\"textLayer\"><span dir=\"ltr\" role=\"presentation\">\u00a0<\/span><\/div>\n<h3 class=\"textLayer\"><span dir=\"ltr\" role=\"presentation\">IV.<\/span> <span dir=\"ltr\" role=\"presentation\">Cookies<\/span><\/h3>\n<div class=\"textLayer translation-block\">The website uses cookies (cookies). These are small text information in the form of text files, sent by a server and stored on the side of the person visiting the Website (e.g. on the hard drive of a computer, laptop, or other mobile device).<\/div>\n<div class=\"textLayer\"><span dir=\"ltr\" role=\"presentation\">\u00a0<\/span><\/div>\n<div class=\"textLayer translation-block\">The website uses cookies (cookies). These are small text information in the form of text files, sent by a server and stored on the side of the person visiting the Website (e.g. on the hard drive of a computer, laptop, or other mobile device).<\/div>\n<div class=\"textLayer\"><span dir=\"ltr\" role=\"presentation\">\u00a0<\/span><\/div>\n<div class=\"textLayer translation-block\">The User of the Service may also restrict or disable cookies in his\/her browser at any time by setting it in such a way that it blocks cookies or warns the User before a cookie is stored on the device he\/she uses to view the content of the Service. In this case, however, the use of the Service may be less efficient and the User may not be able to access certain content.<\/div>\n<h3 class=\"textLayer\"><br role=\"presentation\" \/><span dir=\"ltr\" role=\"presentation\">V.<\/span> <span dir=\"ltr\" role=\"presentation\">Final provisions<\/span><\/h3>\n<div class=\"textLayer\"><span dir=\"ltr\" role=\"presentation\">The privacy policy takes effect on June 27, 2022.<\/span><\/div>\n<div class=\"textLayer\"><span dir=\"ltr\" role=\"presentation\">\u00a0<\/span><\/div>\n<div class=\"textLayer\"><span dir=\"ltr\" role=\"presentation\">Due to the continuous development and progress of technology, the rules set out in the\u00a0<\/span><span dir=\"ltr\" role=\"presentation\">of this document are subject to change. You will be notified of these changes\u00a0<\/span><span dir=\"ltr\" role=\"presentation\">informed by an announcement on the website.<\/span><\/div>\n<\/div>\t\t\t\t\t\t<\/div>\n\t\t\t\t<\/div>\n\t\t\t\t\t<\/div>\n\t\t<\/div>\n\t\t\t\t\t<\/div>\n\t\t<\/section>\n\t\t\t\t<\/div>","protected":false},"excerpt":{"rendered":"<p>W zwi\u0105zku z tym, \u017ce szanujemy i przestrzegamy Pa\u0144stwa prywatno\u015b\u0107, poni\u017cej\u00a0przedstawiamy informacje istotne dla Pa\u0144stwa w kontek\u015bcie sposobu\u00a0gromadzenia, przetwarzania i wykorzystywania danych osobowych pozyskanychw wyniku korzystania z naszego Serwisu www.agroshot.pl Dokument, kt\u00f3ry Pa\u0144stwo czytacie jest odzwierciedleniem wymog\u00f3w\u00a0wynikaj\u0105cych\u00a0z Rozporz\u0105dzenia Parlamentu Europejskiego i Rady (UE) 2016\/679 z 27 kwietnia\u00a02016 roku w sprawie ochrony os\u00f3b fizycznych w zwi\u0105zku &hellip;<\/p>\n<p class=\"read-more\"> <a class=\"\" href=\"https:\/\/agroshot.pl\/en\/polityka-prywatnosci\"> <span class=\"screen-reader-text\">Privacy policy<\/span> Read More &raquo;<\/a><\/p>","protected":false},"author":1,"featured_media":0,"parent":0,"menu_order":0,"comment_status":"closed","ping_status":"open","template":"","meta":{"_monsterinsights_skip_tracking":false,"_monsterinsights_sitenote_active":false,"_monsterinsights_sitenote_note":"","_monsterinsights_sitenote_category":0,"site-sidebar-layout":"default","site-content-layout":"default","ast-global-header-display":"","ast-main-header-display":"","ast-hfb-above-header-display":"","ast-hfb-below-header-display":"","ast-hfb-mobile-header-display":"","site-post-title":"","ast-breadcrumbs-content":"","ast-featured-img":"","footer-sml-layout":"","theme-transparent-header-meta":"","adv-header-id-meta":"","stick-header-meta":"","header-above-stick-meta":"","header-main-stick-meta":"","header-below-stick-meta":""},"aioseo_notices":[],"_links":{"self":[{"href":"https:\/\/agroshot.pl\/en\/wp-json\/wp\/v2\/pages\/3"}],"collection":[{"href":"https:\/\/agroshot.pl\/en\/wp-json\/wp\/v2\/pages"}],"about":[{"href":"https:\/\/agroshot.pl\/en\/wp-json\/wp\/v2\/types\/page"}],"author":[{"embeddable":true,"href":"https:\/\/agroshot.pl\/en\/wp-json\/wp\/v2\/users\/1"}],"replies":[{"embeddable":true,"href":"https:\/\/agroshot.pl\/en\/wp-json\/wp\/v2\/comments?post=3"}],"version-history":[{"count":14,"href":"https:\/\/agroshot.pl\/en\/wp-json\/wp\/v2\/pages\/3\/revisions"}],"predecessor-version":[{"id":900,"href":"https:\/\/agroshot.pl\/en\/wp-json\/wp\/v2\/pages\/3\/revisions\/900"}],"wp:attachment":[{"href":"https:\/\/agroshot.pl\/en\/wp-json\/wp\/v2\/media?parent=3"}],"curies":[{"name":"wp","href":"https:\/\/api.w.org\/{rel}","templated":true}]}}