{"id":30,"date":"2020-04-13T11:18:54","date_gmt":"2020-04-13T11:18:54","guid":{"rendered":"http:\/\/agroshot.pl\/?page_id=30"},"modified":"2023-10-25T13:16:24","modified_gmt":"2023-10-25T11:16:24","slug":"home","status":"publish","type":"page","link":"https:\/\/agroshot.pl\/en\/","title":{"rendered":"Strona g\u0142\u00f3wna"},"content":{"rendered":"\t\t<div data-elementor-type=\"wp-page\" data-elementor-id=\"30\" class=\"elementor elementor-30\">\n\t\t\t\t\t\t<section class=\"elementor-section elementor-top-section elementor-element elementor-element-5939a86c elementor-section-height-min-height elementor-section-items-stretch elementor-section-boxed elementor-section-height-default\" data-id=\"5939a86c\" data-element_type=\"section\" data-settings=\"{&quot;background_background&quot;:&quot;classic&quot;}\">\n\t\t\t\t\t\t\t<div class=\"elementor-background-overlay\"><\/div>\n\t\t\t\t\t\t\t<div class=\"elementor-container elementor-column-gap-no\">\n\t\t\t\t\t<div class=\"elementor-column elementor-col-100 elementor-top-column elementor-element elementor-element-6f6a47a9\" data-id=\"6f6a47a9\" data-element_type=\"column\">\n\t\t\t<div class=\"elementor-widget-wrap elementor-element-populated\">\n\t\t\t\t\t\t<div class=\"elementor-element elementor-element-da98eec elementor-widget elementor-widget-image-box\" data-id=\"da98eec\" data-element_type=\"widget\" data-widget_type=\"image-box.default\">\n\t\t\t\t<div class=\"elementor-widget-container\">\n\t\t\t<style>\/*! elementor - v3.23.0 - 05-08-2024 *\/\n.elementor-widget-image-box .elementor-image-box-content{width:100%}@media (min-width:768px){.elementor-widget-image-box.elementor-position-left .elementor-image-box-wrapper,.elementor-widget-image-box.elementor-position-right .elementor-image-box-wrapper{display:flex}.elementor-widget-image-box.elementor-position-right .elementor-image-box-wrapper{text-align:end;flex-direction:row-reverse}.elementor-widget-image-box.elementor-position-left .elementor-image-box-wrapper{text-align:start;flex-direction:row}.elementor-widget-image-box.elementor-position-top .elementor-image-box-img{margin:auto}.elementor-widget-image-box.elementor-vertical-align-top .elementor-image-box-wrapper{align-items:flex-start}.elementor-widget-image-box.elementor-vertical-align-middle .elementor-image-box-wrapper{align-items:center}.elementor-widget-image-box.elementor-vertical-align-bottom .elementor-image-box-wrapper{align-items:flex-end}}@media (max-width:767px){.elementor-widget-image-box .elementor-image-box-img{margin-left:auto!important;margin-right:auto!important;margin-bottom:15px}}.elementor-widget-image-box .elementor-image-box-img{display:inline-block}.elementor-widget-image-box .elementor-image-box-title a{color:inherit}.elementor-widget-image-box .elementor-image-box-wrapper{text-align:center}.elementor-widget-image-box .elementor-image-box-description{margin:0}<\/style><div class=\"elementor-image-box-wrapper\"><div class=\"elementor-image-box-content\"><h1 class=\"elementor-image-box-title\">Agro Shot<\/h1><p class=\"elementor-image-box-description\">Fotografia rolnicza<\/p><\/div><\/div>\t\t<\/div>\n\t\t\t\t<\/div>\n\t\t\t\t\t<\/div>\n\t\t<\/div>\n\t\t\t\t\t<\/div>\n\t\t<\/section>\n\t\t\t\t<section class=\"elementor-section elementor-top-section elementor-element elementor-element-7e21b87 elementor-section-boxed elementor-section-height-default elementor-section-height-default\" data-id=\"7e21b87\" data-element_type=\"section\" data-settings=\"{&quot;background_background&quot;:&quot;slideshow&quot;,&quot;background_slideshow_gallery&quot;:[],&quot;background_slideshow_loop&quot;:&quot;yes&quot;,&quot;background_slideshow_slide_duration&quot;:5000,&quot;background_slideshow_slide_transition&quot;:&quot;fade&quot;,&quot;background_slideshow_transition_duration&quot;:500}\">\n\t\t\t\t\t\t<div class=\"elementor-container elementor-column-gap-no\">\n\t\t\t\t\t<div class=\"elementor-column elementor-col-33 elementor-top-column elementor-element elementor-element-ecf0f71\" data-id=\"ecf0f71\" data-element_type=\"column\" data-settings=\"{&quot;background_background&quot;:&quot;classic&quot;}\">\n\t\t\t<div class=\"elementor-widget-wrap elementor-element-populated\">\n\t\t\t\t\t<div class=\"elementor-background-overlay\"><\/div>\n\t\t\t\t\t\t<div class=\"elementor-element elementor-element-40c051ee elementor-widget elementor-widget-heading\" data-id=\"40c051ee\" data-element_type=\"widget\" data-widget_type=\"heading.default\">\n\t\t\t\t<div class=\"elementor-widget-container\">\n\t\t\t<style>\/*! elementor - v3.23.0 - 05-08-2024 *\/\n.elementor-heading-title{padding:0;margin:0;line-height:1}.elementor-widget-heading .elementor-heading-title[class*=elementor-size-]>a{color:inherit;font-size:inherit;line-height:inherit}.elementor-widget-heading .elementor-heading-title.elementor-size-small{font-size:15px}.elementor-widget-heading .elementor-heading-title.elementor-size-medium{font-size:19px}.elementor-widget-heading .elementor-heading-title.elementor-size-large{font-size:29px}.elementor-widget-heading .elementor-heading-title.elementor-size-xl{font-size:39px}.elementor-widget-heading .elementor-heading-title.elementor-size-xxl{font-size:59px}<\/style><h2 class=\"elementor-heading-title elementor-size-default\"><a href=\"\/fotografia\/produkcja-zwierzeca\">Produkcja zwierz\u0119ca<\/a><\/h2>\t\t<\/div>\n\t\t\t\t<\/div>\n\t\t\t\t\t<\/div>\n\t\t<\/div>\n\t\t\t\t<div class=\"elementor-column elementor-col-33 elementor-top-column elementor-element elementor-element-8ee04f9\" data-id=\"8ee04f9\" data-element_type=\"column\" data-settings=\"{&quot;background_background&quot;:&quot;classic&quot;}\">\n\t\t\t<div class=\"elementor-widget-wrap elementor-element-populated\">\n\t\t\t\t\t<div class=\"elementor-background-overlay\"><\/div>\n\t\t\t\t\t\t<div class=\"elementor-element elementor-element-2cb5ae60 elementor-widget elementor-widget-heading\" data-id=\"2cb5ae60\" data-element_type=\"widget\" data-widget_type=\"heading.default\">\n\t\t\t\t<div class=\"elementor-widget-container\">\n\t\t\t<h2 class=\"elementor-heading-title elementor-size-default\"><a href=\"\/fotografia\/produkcja-roslinna\">Produkcja ro\u015blinna<\/a><\/h2>\t\t<\/div>\n\t\t\t\t<\/div>\n\t\t\t\t\t<\/div>\n\t\t<\/div>\n\t\t\t\t<div class=\"elementor-column elementor-col-33 elementor-top-column elementor-element elementor-element-aaf2547\" data-id=\"aaf2547\" data-element_type=\"column\" data-settings=\"{&quot;background_background&quot;:&quot;classic&quot;}\">\n\t\t\t<div class=\"elementor-widget-wrap elementor-element-populated\">\n\t\t\t\t\t<div class=\"elementor-background-overlay\"><\/div>\n\t\t\t\t\t\t<div class=\"elementor-element elementor-element-c2e7812 elementor-widget elementor-widget-heading\" data-id=\"c2e7812\" data-element_type=\"widget\" data-widget_type=\"heading.default\">\n\t\t\t\t<div class=\"elementor-widget-container\">\n\t\t\t<h2 class=\"elementor-heading-title elementor-size-default\"><a href=\"\/fotografia\/wydarzenia-rolnicze\">Wydarzenia rolnicze<\/a><\/h2>\t\t<\/div>\n\t\t\t\t<\/div>\n\t\t\t\t\t<\/div>\n\t\t<\/div>\n\t\t\t\t\t<\/div>\n\t\t<\/section>\n\t\t\t\t<section class=\"elementor-section elementor-top-section elementor-element elementor-element-ccf21e4 elementor-section-boxed elementor-section-height-default elementor-section-height-default\" data-id=\"ccf21e4\" data-element_type=\"section\">\n\t\t\t\t\t\t<div class=\"elementor-container elementor-column-gap-no\">\n\t\t\t\t\t<div class=\"elementor-column elementor-col-33 elementor-top-column elementor-element elementor-element-cb88ace\" data-id=\"cb88ace\" data-element_type=\"column\" data-settings=\"{&quot;background_background&quot;:&quot;classic&quot;}\">\n\t\t\t<div class=\"elementor-widget-wrap elementor-element-populated\">\n\t\t\t\t\t<div class=\"elementor-background-overlay\"><\/div>\n\t\t\t\t\t\t<div class=\"elementor-element elementor-element-ef0b41d elementor-widget__width-initial elementor-widget elementor-widget-heading\" data-id=\"ef0b41d\" data-element_type=\"widget\" data-widget_type=\"heading.default\">\n\t\t\t\t<div class=\"elementor-widget-container\">\n\t\t\t<h2 class=\"elementor-heading-title elementor-size-default\"><a href=\"\/fotografia\/edukacja-rolno-hodowlana\">Edukacja rolno<br>- hodowlana<\/a><\/h2>\t\t<\/div>\n\t\t\t\t<\/div>\n\t\t\t\t\t<\/div>\n\t\t<\/div>\n\t\t\t\t<div class=\"elementor-column elementor-col-33 elementor-top-column elementor-element elementor-element-83e8a93\" data-id=\"83e8a93\" data-element_type=\"column\" data-settings=\"{&quot;background_background&quot;:&quot;classic&quot;}\">\n\t\t\t<div class=\"elementor-widget-wrap elementor-element-populated\">\n\t\t\t\t\t<div class=\"elementor-background-overlay\"><\/div>\n\t\t\t\t\t\t<div class=\"elementor-element elementor-element-3803e84 elementor-widget elementor-widget-heading\" data-id=\"3803e84\" data-element_type=\"widget\" data-widget_type=\"heading.default\">\n\t\t\t\t<div class=\"elementor-widget-container\">\n\t\t\t<h2 class=\"elementor-heading-title elementor-size-default\"><a href=\"\/fotografia\/maszyny-rolnicze\">Maszyny rolnicze<\/a><\/h2>\t\t<\/div>\n\t\t\t\t<\/div>\n\t\t\t\t\t<\/div>\n\t\t<\/div>\n\t\t\t\t<div class=\"elementor-column elementor-col-33 elementor-top-column elementor-element elementor-element-2040880\" data-id=\"2040880\" data-element_type=\"column\" data-settings=\"{&quot;background_background&quot;:&quot;classic&quot;}\">\n\t\t\t<div class=\"elementor-widget-wrap elementor-element-populated\">\n\t\t\t\t\t<div class=\"elementor-background-overlay\"><\/div>\n\t\t\t\t\t\t<div class=\"elementor-element elementor-element-3c7e65e elementor-widget elementor-widget-heading\" data-id=\"3c7e65e\" data-element_type=\"widget\" data-widget_type=\"heading.default\">\n\t\t\t\t<div class=\"elementor-widget-container\">\n\t\t\t<h2 class=\"elementor-heading-title elementor-size-default\"><a href=\"\/fotografia\/zdjecia-z-drona\">Zdj\u0119cia z drona<\/a><\/h2>\t\t<\/div>\n\t\t\t\t<\/div>\n\t\t\t\t\t<\/div>\n\t\t<\/div>\n\t\t\t\t\t<\/div>\n\t\t<\/section>\n\t\t\t\t<section class=\"elementor-section elementor-top-section elementor-element elementor-element-34277c67 elementor-section-boxed elementor-section-height-default elementor-section-height-default\" data-id=\"34277c67\" data-element_type=\"section\">\n\t\t\t\t\t\t<div class=\"elementor-container elementor-column-gap-no\">\n\t\t\t\t\t<div class=\"elementor-column elementor-col-50 elementor-top-column elementor-element elementor-element-217497e3\" data-id=\"217497e3\" data-element_type=\"column\">\n\t\t\t<div class=\"elementor-widget-wrap elementor-element-populated\">\n\t\t\t\t\t\t<div class=\"elementor-element elementor-element-25666558 elementor-widget elementor-widget-heading\" data-id=\"25666558\" data-element_type=\"widget\" data-widget_type=\"heading.default\">\n\t\t\t\t<div class=\"elementor-widget-container\">\n\t\t\t<h2 class=\"elementor-heading-title elementor-size-default\">Kim jeste\u015bmy?<\/h2>\t\t<\/div>\n\t\t\t\t<\/div>\n\t\t\t\t\t<\/div>\n\t\t<\/div>\n\t\t\t\t<div class=\"elementor-column elementor-col-50 elementor-top-column elementor-element elementor-element-2d17052\" data-id=\"2d17052\" data-element_type=\"column\">\n\t\t\t<div class=\"elementor-widget-wrap elementor-element-populated\">\n\t\t\t\t\t\t<div class=\"elementor-element elementor-element-77680b8d elementor-widget elementor-widget-text-editor\" data-id=\"77680b8d\" data-element_type=\"widget\" data-widget_type=\"text-editor.default\">\n\t\t\t\t<div class=\"elementor-widget-container\">\n\t\t\t<style>\/*! elementor - v3.23.0 - 05-08-2024 *\/\n.elementor-widget-text-editor.elementor-drop-cap-view-stacked .elementor-drop-cap{background-color:#69727d;color:#fff}.elementor-widget-text-editor.elementor-drop-cap-view-framed .elementor-drop-cap{color:#69727d;border:3px solid;background-color:transparent}.elementor-widget-text-editor:not(.elementor-drop-cap-view-default) .elementor-drop-cap{margin-top:8px}.elementor-widget-text-editor:not(.elementor-drop-cap-view-default) .elementor-drop-cap-letter{width:1em;height:1em}.elementor-widget-text-editor .elementor-drop-cap{float:left;text-align:center;line-height:1;font-size:50px}.elementor-widget-text-editor .elementor-drop-cap-letter{display:inline-block}<\/style>\t\t\t\t<p>Projekt AgroShot powsta\u0142 z po\u0142\u0105czenia dw\u00f3ch pasji: fotografii i rolnictwa.<\/p><p>Chcemy pokaza\u0107, \u017ce rolnictwo ma r\u00f3\u017cne oblicza: nowoczesne, przemys\u0142owe, innowacyjne gospodarstwa z maszynami, kt\u00f3rych nie powstydzi\u0142by si\u0119 sam Elon Musk, jak i mniejsze, rodzinne gospodarstwa z tradycj\u0105 i histori\u0105.\u00a0 Walczymy ze stereotypami o prostych rolnikach z wid\u0142ami. Sami jeste\u015bmy z pochodzenia wie\u015bniakami i jeste\u015bmy z tego dumni! Chcemy przybli\u017cy\u0107 prawdziwy obraz rolnictwa i pokaza\u0107 sk\u0105d tak naprawd\u0119 pochodzi nasze jedzenie.\u00a0 Interesuje nas ca\u0142y proces &#8222;od pola do sto\u0142u&#8221;.\u00a0 \u00a0 W naszych zdj\u0119ciach pokazujemy pasj\u0119 i oddajemy szacunek do ci\u0119\u017ckiej pracy.\u00a0<\/p>\t\t\t\t\t\t<\/div>\n\t\t\t\t<\/div>\n\t\t\t\t<div class=\"elementor-element elementor-element-ed8b38d elementor-widget elementor-widget-button\" data-id=\"ed8b38d\" data-element_type=\"widget\" data-widget_type=\"button.default\">\n\t\t\t\t<div class=\"elementor-widget-container\">\n\t\t\t\t\t<div class=\"elementor-button-wrapper\">\n\t\t\t<a class=\"elementor-button elementor-button-link elementor-size-sm\" href=\"\/o-nas\">\n\t\t\t\t\t\t<span class=\"elementor-button-content-wrapper\">\n\t\t\t\t\t\t\t\t\t<span class=\"elementor-button-text\">O nas<\/span>\n\t\t\t\t\t<\/span>\n\t\t\t\t\t<\/a>\n\t\t<\/div>\n\t\t\t\t<\/div>\n\t\t\t\t<\/div>\n\t\t\t\t\t<\/div>\n\t\t<\/div>\n\t\t\t\t\t<\/div>\n\t\t<\/section>\n\t\t\t\t<section class=\"elementor-section elementor-top-section elementor-element elementor-element-4076731b elementor-section-boxed elementor-section-height-default elementor-section-height-default\" data-id=\"4076731b\" data-element_type=\"section\" data-settings=\"{&quot;background_background&quot;:&quot;classic&quot;}\">\n\t\t\t\t\t\t\t<div class=\"elementor-background-overlay\"><\/div>\n\t\t\t\t\t\t\t<div class=\"elementor-container elementor-column-gap-no\">\n\t\t\t\t\t<div class=\"elementor-column elementor-col-100 elementor-top-column elementor-element elementor-element-7940ca75\" data-id=\"7940ca75\" data-element_type=\"column\">\n\t\t\t<div class=\"elementor-widget-wrap elementor-element-populated\">\n\t\t\t\t\t\t<div class=\"elementor-element elementor-element-d73361e elementor-widget elementor-widget-image-box\" data-id=\"d73361e\" data-element_type=\"widget\" data-widget_type=\"image-box.default\">\n\t\t\t\t<div class=\"elementor-widget-container\">\n\t\t\t<div class=\"elementor-image-box-wrapper\"><div class=\"elementor-image-box-content\"><h2 class=\"elementor-image-box-title\">Chcesz nam pokaza\u0107 swoje gospodarstwo ?<\/h2><p class=\"elementor-image-box-description\">Chcesz si\u0119 pochwali\u0107 mleczn\u0105 krow\u0105 rekordzistk\u0105, pokaza\u0107 innowacyjne rozwi\u0105zania w swojej chlewni, kurniku czy oborze? <br><\/p><\/div><\/div>\t\t<\/div>\n\t\t\t\t<\/div>\n\t\t\t\t<div class=\"elementor-element elementor-element-1ad749e1 elementor-align-center elementor-widget elementor-widget-button\" data-id=\"1ad749e1\" data-element_type=\"widget\" data-widget_type=\"button.default\">\n\t\t\t\t<div class=\"elementor-widget-container\">\n\t\t\t\t\t<div class=\"elementor-button-wrapper\">\n\t\t\t<a class=\"elementor-button elementor-button-link elementor-size-lg\" href=\"\/kontakt\">\n\t\t\t\t\t\t<span class=\"elementor-button-content-wrapper\">\n\t\t\t\t\t\t\t\t\t<span class=\"elementor-button-text\">Napisz do nas<\/span>\n\t\t\t\t\t<\/span>\n\t\t\t\t\t<\/a>\n\t\t<\/div>\n\t\t\t\t<\/div>\n\t\t\t\t<\/div>\n\t\t\t\t\t<\/div>\n\t\t<\/div>\n\t\t\t\t\t<\/div>\n\t\t<\/section>\n\t\t\t\t<section class=\"elementor-section elementor-top-section elementor-element elementor-element-30ba4c0 elementor-section-boxed elementor-section-height-default elementor-section-height-default\" data-id=\"30ba4c0\" data-element_type=\"section\" data-settings=\"{&quot;background_background&quot;:&quot;classic&quot;}\">\n\t\t\t\t\t\t<div class=\"elementor-container elementor-column-gap-default\">\n\t\t\t\t\t<div class=\"elementor-column elementor-col-100 elementor-top-column elementor-element elementor-element-28f2154\" data-id=\"28f2154\" data-element_type=\"column\">\n\t\t\t<div class=\"elementor-widget-wrap elementor-element-populated\">\n\t\t\t\t\t\t<div class=\"elementor-element elementor-element-9f3d5c0 elementor-widget elementor-widget-heading\" data-id=\"9f3d5c0\" data-element_type=\"widget\" data-widget_type=\"heading.default\">\n\t\t\t\t<div class=\"elementor-widget-container\">\n\t\t\t<h2 class=\"elementor-heading-title elementor-size-default\">Ostatnie realizacje<\/h2>\t\t<\/div>\n\t\t\t\t<\/div>\n\t\t\t\t<div class=\"elementor-element elementor-element-c92d5b3 elementor-widget elementor-widget-wp-widget-recent-posts-widget-with-thumbnails\" data-id=\"c92d5b3\" data-element_type=\"widget\" data-widget_type=\"wp-widget-recent-posts-widget-with-thumbnails.default\">\n\t\t\t\t<div class=\"elementor-widget-container\">\n\t\t\t\n<div id=\"rpwwt-wp-widget-recent-posts-widget-with-thumbnails\" class=\"rpwwt-widget\">\r\n\t<nav role=\"navigation\" aria-label=\"Recent Posts With Thumbnails\">\r\n\t<ul>\r\n\t\t<li class=\"rpwwt-sticky\"><a href=\"https:\/\/agroshot.pl\/en\/przykladowe-gospodarstwo-rolne\"><img loading=\"lazy\" width=\"1024\" height=\"679\" src=\"https:\/\/agroshot.pl\/wp-content\/uploads\/2022\/05\/AGROSHOT-34-1024x679.jpg\" class=\"attachment-large size-large wp-post-image\" alt=\"\" loading=\"lazy\" srcset=\"https:\/\/agroshot.pl\/wp-content\/uploads\/2022\/05\/AGROSHOT-34-1024x679.jpg 1024w, https:\/\/agroshot.pl\/wp-content\/uploads\/2022\/05\/AGROSHOT-34-300x199.jpg 300w, https:\/\/agroshot.pl\/wp-content\/uploads\/2022\/05\/AGROSHOT-34-768x509.jpg 768w, https:\/\/agroshot.pl\/wp-content\/uploads\/2022\/05\/AGROSHOT-34-18x12.jpg 18w, https:\/\/agroshot.pl\/wp-content\/uploads\/2022\/05\/AGROSHOT-34.jpg 1500w\" sizes=\"(max-width: 1024px) 100vw, 1024px\" \/><span class=\"rpwwt-post-title\">Produkcja trzody chlewnej<\/span><\/a><\/li>\r\n\t\t<li><a href=\"https:\/\/agroshot.pl\/en\/katalonski-instytut-badan-akwakultury-i-ochrony-srodowiska\"><img loading=\"lazy\" width=\"1024\" height=\"642\" src=\"https:\/\/agroshot.pl\/wp-content\/uploads\/2023\/04\/DI2A5525-2-scaled.jpg\" class=\"attachment-large size-large wp-post-image\" alt=\"\" loading=\"lazy\" srcset=\"https:\/\/agroshot.pl\/wp-content\/uploads\/2023\/04\/DI2A5525-2-scaled.jpg 2560w, https:\/\/agroshot.pl\/wp-content\/uploads\/2023\/04\/DI2A5525-2-300x188.jpg 300w\" sizes=\"(max-width: 1024px) 100vw, 1024px\" \/><span class=\"rpwwt-post-title\">Katalo\u0144ski Instytut Bada\u0144 Akwakultury i Ochrony \u015arodowiska<\/span><\/a><\/li>\r\n\t\t<li><a href=\"https:\/\/agroshot.pl\/en\/eurotier-2022-hannover\"><img loading=\"lazy\" width=\"1024\" height=\"667\" src=\"https:\/\/agroshot.pl\/wp-content\/uploads\/2022\/12\/trag-35-1024x667.jpg\" class=\"attachment-large size-large wp-post-image\" alt=\"\" loading=\"lazy\" srcset=\"https:\/\/agroshot.pl\/wp-content\/uploads\/2022\/12\/trag-35-1024x667.jpg 1024w, https:\/\/agroshot.pl\/wp-content\/uploads\/2022\/12\/trag-35-300x195.jpg 300w, https:\/\/agroshot.pl\/wp-content\/uploads\/2022\/12\/trag-35-768x500.jpg 768w, https:\/\/agroshot.pl\/wp-content\/uploads\/2022\/12\/trag-35-1536x1000.jpg 1536w, https:\/\/agroshot.pl\/wp-content\/uploads\/2022\/12\/trag-35-2048x1334.jpg 2048w, https:\/\/agroshot.pl\/wp-content\/uploads\/2022\/12\/trag-35-18x12.jpg 18w\" sizes=\"(max-width: 1024px) 100vw, 1024px\" \/><span class=\"rpwwt-post-title\">EuroTier 2022  Hannover<\/span><\/a><\/li>\r\n\t\t<li><a href=\"https:\/\/agroshot.pl\/en\/produkcja-aquakultury\"><img loading=\"lazy\" width=\"1024\" height=\"626\" src=\"https:\/\/agroshot.pl\/wp-content\/uploads\/2022\/06\/DJI_0078-1-1024x626.jpg\" class=\"attachment-large size-large wp-post-image\" alt=\"\" loading=\"lazy\" srcset=\"https:\/\/agroshot.pl\/wp-content\/uploads\/2022\/06\/DJI_0078-1-1024x626.jpg 1024w, https:\/\/agroshot.pl\/wp-content\/uploads\/2022\/06\/DJI_0078-1-300x183.jpg 300w, https:\/\/agroshot.pl\/wp-content\/uploads\/2022\/06\/DJI_0078-1-768x470.jpg 768w, https:\/\/agroshot.pl\/wp-content\/uploads\/2022\/06\/DJI_0078-1-18x12.jpg 18w, https:\/\/agroshot.pl\/wp-content\/uploads\/2022\/06\/DJI_0078-1.jpg 1500w\" sizes=\"(max-width: 1024px) 100vw, 1024px\" \/><span class=\"rpwwt-post-title\">Produkcja aquakultury<\/span><\/a><\/li>\r\n\t\t<li><a href=\"https:\/\/agroshot.pl\/en\/nowa-realizacja\"><img loading=\"lazy\" width=\"1024\" height=\"683\" src=\"https:\/\/agroshot.pl\/wp-content\/uploads\/2022\/12\/trag-30-1024x683.jpg\" class=\"attachment-large size-large wp-post-image\" alt=\"\" loading=\"lazy\" srcset=\"https:\/\/agroshot.pl\/wp-content\/uploads\/2022\/12\/trag-30-1024x683.jpg 1024w, https:\/\/agroshot.pl\/wp-content\/uploads\/2022\/12\/trag-30-300x200.jpg 300w, https:\/\/agroshot.pl\/wp-content\/uploads\/2022\/12\/trag-30-768x512.jpg 768w, https:\/\/agroshot.pl\/wp-content\/uploads\/2022\/12\/trag-30-1536x1024.jpg 1536w, https:\/\/agroshot.pl\/wp-content\/uploads\/2022\/12\/trag-30-2048x1365.jpg 2048w, https:\/\/agroshot.pl\/wp-content\/uploads\/2022\/12\/trag-30-18x12.jpg 18w\" sizes=\"(max-width: 1024px) 100vw, 1024px\" \/><span class=\"rpwwt-post-title\">Maszyny rolnicze<\/span><\/a><\/li>\r\n\t\t<li><a href=\"https:\/\/agroshot.pl\/en\/przykladowa-realizacja\"><img loading=\"lazy\" width=\"1024\" height=\"683\" src=\"https:\/\/agroshot.pl\/wp-content\/uploads\/2022\/06\/MG_6059-1024x683.jpg\" class=\"attachment-large size-large wp-post-image\" alt=\"\" loading=\"lazy\" srcset=\"https:\/\/agroshot.pl\/wp-content\/uploads\/2022\/06\/MG_6059-1024x683.jpg 1024w, https:\/\/agroshot.pl\/wp-content\/uploads\/2022\/06\/MG_6059-300x200.jpg 300w, https:\/\/agroshot.pl\/wp-content\/uploads\/2022\/06\/MG_6059-768x512.jpg 768w, https:\/\/agroshot.pl\/wp-content\/uploads\/2022\/06\/MG_6059-18x12.jpg 18w, https:\/\/agroshot.pl\/wp-content\/uploads\/2022\/06\/MG_6059.jpg 1500w\" sizes=\"(max-width: 1024px) 100vw, 1024px\" \/><span class=\"rpwwt-post-title\">Narodowa  Wystawa Zwierz\u0105t Hodowlanych     Pozna\u0144 2020<\/span><\/a><\/li>\r\n\t\t<li><a href=\"https:\/\/agroshot.pl\/en\/przykladowe-zdjecia-z-drona\"><img loading=\"lazy\" width=\"1024\" height=\"596\" src=\"https:\/\/agroshot.pl\/wp-content\/uploads\/2022\/06\/DJI_0012-1024x596.jpg\" class=\"attachment-large size-large wp-post-image\" alt=\"\" loading=\"lazy\" srcset=\"https:\/\/agroshot.pl\/wp-content\/uploads\/2022\/06\/DJI_0012-1024x596.jpg 1024w, https:\/\/agroshot.pl\/wp-content\/uploads\/2022\/06\/DJI_0012-300x175.jpg 300w, https:\/\/agroshot.pl\/wp-content\/uploads\/2022\/06\/DJI_0012-768x447.jpg 768w, https:\/\/agroshot.pl\/wp-content\/uploads\/2022\/06\/DJI_0012-18x10.jpg 18w, https:\/\/agroshot.pl\/wp-content\/uploads\/2022\/06\/DJI_0012.jpg 1500w\" sizes=\"(max-width: 1024px) 100vw, 1024px\" \/><span class=\"rpwwt-post-title\">Zdj\u0119cia z drona<\/span><\/a><\/li>\r\n\t<\/ul>\r\n\t<\/nav>\r\n<\/div><!-- .rpwwt-widget -->\r\n\t\t<\/div>\n\t\t\t\t<\/div>\n\t\t\t\t\t<\/div>\n\t\t<\/div>\n\t\t\t\t\t<\/div>\n\t\t<\/section>\n\t\t\t\t<\/div>\n\t\t","protected":false},"excerpt":{"rendered":"<p>Agro Shot Fotografia rolnicza Produkcja zwierz\u0119ca Produkcja ro\u015blinna Wydarzenia rolnicze Edukacja rolno &#8211; hodowlana Maszyny rolnicze Zdj\u0119cia z drona Kim jeste\u015bmy? Projekt AgroShot powsta\u0142 z po\u0142\u0105czenia dw\u00f3ch pasji: fotografii i rolnictwa. Chcemy pokaza\u0107, \u017ce rolnictwo ma r\u00f3\u017cne oblicza: nowoczesne, przemys\u0142owe, innowacyjne gospodarstwa z maszynami, kt\u00f3rych nie powstydzi\u0142by si\u0119 sam Elon Musk, jak i mniejsze, rodzinne &hellip;<\/p>\n<p class=\"read-more\"> <a class=\"\" href=\"https:\/\/agroshot.pl\/en\/przykladowe-zdjecia-z-drona\"> <span class=\"screen-reader-text\">Drone photos<\/span> Read More &raquo;<\/a><\/p>","protected":false},"author":1,"featured_media":0,"parent":0,"menu_order":0,"comment_status":"closed","ping_status":"closed","template":"","meta":{"_monsterinsights_skip_tracking":false,"_monsterinsights_sitenote_active":false,"_monsterinsights_sitenote_note":"","_monsterinsights_sitenote_category":0,"site-sidebar-layout":"no-sidebar","site-content-layout":"page-builder","ast-global-header-display":"","ast-main-header-display":"","ast-hfb-above-header-display":"","ast-hfb-below-header-display":"","ast-hfb-mobile-header-display":"","site-post-title":"disabled","ast-breadcrumbs-content":"","ast-featured-img":"","footer-sml-layout":"","theme-transparent-header-meta":"enabled","adv-header-id-meta":"","stick-header-meta":"","header-above-stick-meta":"","header-main-stick-meta":"","header-below-stick-meta":""},"aioseo_notices":[],"_links":{"self":[{"href":"https:\/\/agroshot.pl\/en\/wp-json\/wp\/v2\/pages\/30"}],"collection":[{"href":"https:\/\/agroshot.pl\/en\/wp-json\/wp\/v2\/pages"}],"about":[{"href":"https:\/\/agroshot.pl\/en\/wp-json\/wp\/v2\/types\/page"}],"author":[{"embeddable":true,"href":"https:\/\/agroshot.pl\/en\/wp-json\/wp\/v2\/users\/1"}],"replies":[{"embeddable":true,"href":"https:\/\/agroshot.pl\/en\/wp-json\/wp\/v2\/comments?post=30"}],"version-history":[{"count":195,"href":"https:\/\/agroshot.pl\/en\/wp-json\/wp\/v2\/pages\/30\/revisions"}],"predecessor-version":[{"id":1329,"href":"https:\/\/agroshot.pl\/en\/wp-json\/wp\/v2\/pages\/30\/revisions\/1329"}],"wp:attachment":[{"href":"https:\/\/agroshot.pl\/en\/wp-json\/wp\/v2\/media?parent=30"}],"curies":[{"name":"wp","href":"https:\/\/api.w.org\/{rel}","templated":true}]}}